{"id":679,"date":"2011-11-29T02:11:29","date_gmt":"2011-11-28T23:11:29","guid":{"rendered":"http:\/\/www.mishiri.de\/?page_id=679"},"modified":"2011-11-29T16:47:17","modified_gmt":"2011-11-29T13:47:17","slug":"pasila","status":"publish","type":"page","link":"http:\/\/www.mishiri.de\/?page_id=679","title":{"rendered":"Pasila"},"content":{"rendered":"\n\t\t<style type=\"text\/css\">\n\t\t\t#gallery-1 {\n\t\t\t\tmargin: auto;\n\t\t\t}\n\t\t\t#gallery-1 .gallery-item {\n\t\t\t\tfloat: left;\n\t\t\t\tmargin-top: 10px;\n\t\t\t\ttext-align: center;\n\t\t\t\twidth: 25%;\n\t\t\t}\n\t\t\t#gallery-1 img {\n\t\t\t\tborder: 2px solid #cfcfcf;\n\t\t\t}\n\t\t\t#gallery-1 .gallery-caption {\n\t\t\t\tmargin-left: 0;\n\t\t\t}\n\t\t\t\/* see gallery_shortcode() in wp-includes\/media.php *\/\n\t\t<\/style>\n\t\t<div id='gallery-1' class='gallery galleryid-679 gallery-columns-4 gallery-size-thumbnail'><dl class='gallery-item'>\n\t\t\t<dt class='gallery-icon landscape'>\n\t\t\t\t<a href='http:\/\/www.mishiri.de\/wp-content\/uploads\/2011\/11\/Weg_web.jpg' itemprop=\"contentURL\" rel=\"lightbox[679]\"><img loading=\"lazy\" decoding=\"async\" width=\"150\" height=\"150\" src=\"http:\/\/www.mishiri.de\/wp-content\/uploads\/2011\/11\/Weg_web-150x150.jpg\" class=\"attachment-thumbnail size-thumbnail\" alt=\"\" itemprop=\"thumbnail\" \/><\/a>\n\t\t\t<\/dt><\/dl><dl class='gallery-item'>\n\t\t\t<dt class='gallery-icon landscape'>\n\t\t\t\t<a href='http:\/\/www.mishiri.de\/wp-content\/uploads\/2011\/11\/Treppenaufgang_web.jpg' itemprop=\"contentURL\" rel=\"lightbox[679]\"><img loading=\"lazy\" decoding=\"async\" width=\"150\" height=\"150\" src=\"http:\/\/www.mishiri.de\/wp-content\/uploads\/2011\/11\/Treppenaufgang_web-150x150.jpg\" class=\"attachment-thumbnail size-thumbnail\" alt=\"\" itemprop=\"thumbnail\" \/><\/a>\n\t\t\t<\/dt><\/dl><dl class='gallery-item'>\n\t\t\t<dt class='gallery-icon landscape'>\n\t\t\t\t<a href='http:\/\/www.mishiri.de\/wp-content\/uploads\/2011\/11\/toparinkuja_web.jpg' itemprop=\"contentURL\" rel=\"lightbox[679]\"><img loading=\"lazy\" decoding=\"async\" width=\"150\" height=\"150\" src=\"http:\/\/www.mishiri.de\/wp-content\/uploads\/2011\/11\/toparinkuja_web-150x150.jpg\" class=\"attachment-thumbnail size-thumbnail\" alt=\"\" itemprop=\"thumbnail\" \/><\/a>\n\t\t\t<\/dt><\/dl><dl class='gallery-item'>\n\t\t\t<dt class='gallery-icon landscape'>\n\t\t\t\t<a href='http:\/\/www.mishiri.de\/wp-content\/uploads\/2011\/11\/kasoerinkatu_innenhof_web.jpg' itemprop=\"contentURL\" rel=\"lightbox[679]\"><img loading=\"lazy\" decoding=\"async\" width=\"150\" height=\"150\" src=\"http:\/\/www.mishiri.de\/wp-content\/uploads\/2011\/11\/kasoerinkatu_innenhof_web-150x150.jpg\" class=\"attachment-thumbnail size-thumbnail\" alt=\"\" itemprop=\"thumbnail\" \/><\/a>\n\t\t\t<\/dt><\/dl><br style=\"clear: both\" \/>\n\t\t<\/div>\n\n<p>&nbsp;<\/p>\n<p><em>Pasila<\/em>, 2008\/2010, 42,5 x 50 cm, C-Prints, gerahmt<\/p>\n<p>&nbsp;<\/p>\n<p>Pasila ist der Name eines Neubauviertels in Helsinki, in dem die K\u00fcnstlerin zeitweise lebte. Der massiven Architektur aus den 1960er Jahren tritt Lindner in ihrer K\u00f6rperlichkeit in n\u00e4chtlichem Kunstlicht gegen\u00fcber. Erscheint sie in einigen der Aufnahmen wie eine Besucherin, die sich versunken an ein Gel\u00e4nder lehnt oder einem der Wege des Viertels folgt, so steht sie in anderen Fotografien seltsam erstarrt inmitten eines Hofes oder am Fu\u00df einer Treppe. Der Eindruck von Ausgesetztheit, der Suche nach einem Ort, nach einem Bezug in der Fremde dr\u00e4ngt sich auf. Am eigenen Leib demonstriert Lindner ein Scheitern gut gemeinter architektonischer Utopie in der Realit\u00e4t ihrer kurzsichtigen Umsetzung: Der Situationistische Architekt und Stadtplaner Constant hatte in den 1960er Jahren die Idee einer \u00bbbedeckten Stadt\u00ab entwickelt, in der m\u00f6glichst viel kommunaler, \u00f6ffentlicher Raum entstehen sollte. \u00bbDie zuk\u00fcnftige Stadt soll als eine kontinuierliche Tragpfeilerkonstruktion oder als ein ausgedehntes System verschiedenartiger Konstruktionen verstanden werden, in denen Wohungs- und Vergn\u00fcgungsr\u00e4ume usw. wie auch solche zu Produktion und Distribution &#8222;aufgeh\u00e4ngt&#8220; werden; der Boden bleibt frei f\u00fcr Verkehr und \u00f6ffentliche Versammlungen.\u00ab*<\/p>\n<p>&nbsp;<\/p>\n<p>* Constant: Eine andere Stadt f\u00fcr ein anderes Leben. In: Der Beginn einer Epoche. Texte der Situationisten, Edition Nautilus, 1995<ins datetime=\"2010-07-09T22:20\"><\/ins><\/p>\n<p>&nbsp;<\/p>\n","protected":false},"excerpt":{"rendered":"<p>&nbsp; Pasila, 2008\/2010, 42,5 x 50 cm, C-Prints, gerahmt &nbsp; Pasila ist der Name eines Neubauviertels in Helsinki, in dem die K\u00fcnstlerin zeitweise lebte. Der massiven Architektur aus den 1960er Jahren tritt Lindner in ihrer K\u00f6rperlichkeit in n\u00e4chtlichem Kunstlicht gegen\u00fcber. Erscheint sie in einigen der Aufnahmen wie eine Besucherin, die sich versunken an ein Gel\u00e4nder [&hellip;]<\/p>\n","protected":false},"author":2,"featured_media":0,"parent":0,"menu_order":0,"comment_status":"closed","ping_status":"closed","template":"","meta":{"footnotes":""},"class_list":["post-679","page","type-page","status-publish","hentry"],"_links":{"self":[{"href":"http:\/\/www.mishiri.de\/index.php?rest_route=\/wp\/v2\/pages\/679"}],"collection":[{"href":"http:\/\/www.mishiri.de\/index.php?rest_route=\/wp\/v2\/pages"}],"about":[{"href":"http:\/\/www.mishiri.de\/index.php?rest_route=\/wp\/v2\/types\/page"}],"author":[{"embeddable":true,"href":"http:\/\/www.mishiri.de\/index.php?rest_route=\/wp\/v2\/users\/2"}],"replies":[{"embeddable":true,"href":"http:\/\/www.mishiri.de\/index.php?rest_route=%2Fwp%2Fv2%2Fcomments&post=679"}],"version-history":[{"count":9,"href":"http:\/\/www.mishiri.de\/index.php?rest_route=\/wp\/v2\/pages\/679\/revisions"}],"predecessor-version":[{"id":685,"href":"http:\/\/www.mishiri.de\/index.php?rest_route=\/wp\/v2\/pages\/679\/revisions\/685"}],"wp:attachment":[{"href":"http:\/\/www.mishiri.de\/index.php?rest_route=%2Fwp%2Fv2%2Fmedia&parent=679"}],"curies":[{"name":"wp","href":"https:\/\/api.w.org\/{rel}","templated":true}]}}