{"id":4,"date":"2010-02-05T23:07:38","date_gmt":"2010-02-05T20:07:38","guid":{"rendered":"http:\/\/irmielin.org\/claudialindner\/?page_id=4"},"modified":"2014-08-18T15:45:44","modified_gmt":"2014-08-18T12:45:44","slug":"freiearbeiten","status":"publish","type":"page","link":"https:\/\/www.mishiri.de\/?page_id=4","title":{"rendered":"Arbeiten"},"content":{"rendered":"<p><a title=\"Anlauf nehmen\" href=\"http:\/\/www.mishiri.de\/?page_id=738\">Anlauf nehmen,<\/a> 2012<a href=\"http:\/\/www.mishiri.de\/?page_id=711\"><br \/>\nWork in Progress<\/a>, 2011<br \/>\n<a href=\"http:\/\/www.mishiri.de\/?page_id=167\">Auf dem Wasser gibt es Inseln, auf dem Festland gibt es Seen,<\/a> seit 2010, C-Prints, verschiedene Formate, Wandinstallation<a href=\"?page_id=42\"><br \/>\nB\u00fcck dich so tief du kannst, sie werden uns f\u00fcr F\u00fcchse halten,<\/a> 2008, C-Print 123,5&#215;100 cm, gerahmt<a href=\"?page_id=75\"><br \/>\nDas Leichte und das Schwere<\/a>, seit 2007, Lambda-Prints, 50 x 70 cm, gerahmt<br \/>\n<a href=\"http:\/\/www.mishiri.de\/?page_id=679\">Pasila<\/a>, 2008\/2010, C-Prints, 42,5 x 50 cm, gerahmt<a href=\"?page_id=40\"><br \/>\nT\u00e4ss\u00e4, Here<\/a>, seit\u00a0 2007, C-Prints, je 33,5&#215;40 cm, gerahmt<br \/>\n<a href=\"http:\/\/www.mishiri.de\/?page_id=615\">Untitled<\/a>, seit 2008<\/p>\n<p><a href=\"?page_id=42\"><br \/>\n<\/a><\/p>\n<p><a href=\"?page_id=44\"><br \/>\n<\/a><\/p>\n<p><a href=\"http:\/\/www.mishiri.de\/?page_id=167 \"><br \/>\n<\/a><\/p>\n","protected":false},"excerpt":{"rendered":"<p>Anlauf nehmen, 2012 Work in Progress, 2011 Auf dem Wasser gibt es Inseln, auf dem Festland gibt es Seen, seit 2010, C-Prints, verschiedene Formate, Wandinstallation B\u00fcck dich so tief du kannst, sie werden uns f\u00fcr F\u00fcchse halten, 2008, C-Print 123,5&#215;100 cm, gerahmt Das Leichte und das Schwere, seit 2007, Lambda-Prints, 50 x 70 cm, gerahmt [&hellip;]<\/p>\n","protected":false},"author":2,"featured_media":0,"parent":0,"menu_order":0,"comment_status":"closed","ping_status":"closed","template":"","meta":{"footnotes":""},"class_list":["post-4","page","type-page","status-publish","hentry"],"_links":{"self":[{"href":"https:\/\/www.mishiri.de\/index.php?rest_route=\/wp\/v2\/pages\/4"}],"collection":[{"href":"https:\/\/www.mishiri.de\/index.php?rest_route=\/wp\/v2\/pages"}],"about":[{"href":"https:\/\/www.mishiri.de\/index.php?rest_route=\/wp\/v2\/types\/page"}],"author":[{"embeddable":true,"href":"https:\/\/www.mishiri.de\/index.php?rest_route=\/wp\/v2\/users\/2"}],"replies":[{"embeddable":true,"href":"https:\/\/www.mishiri.de\/index.php?rest_route=%2Fwp%2Fv2%2Fcomments&post=4"}],"version-history":[{"count":38,"href":"https:\/\/www.mishiri.de\/index.php?rest_route=\/wp\/v2\/pages\/4\/revisions"}],"predecessor-version":[{"id":6,"href":"https:\/\/www.mishiri.de\/index.php?rest_route=\/wp\/v2\/pages\/4\/revisions\/6"}],"wp:attachment":[{"href":"https:\/\/www.mishiri.de\/index.php?rest_route=%2Fwp%2Fv2%2Fmedia&parent=4"}],"curies":[{"name":"wp","href":"https:\/\/api.w.org\/{rel}","templated":true}]}}