{"id":40,"date":"2010-02-09T02:40:51","date_gmt":"2010-02-08T23:40:51","guid":{"rendered":"http:\/\/irmielin.org\/claudialindner\/?page_id=40"},"modified":"2014-08-18T16:55:39","modified_gmt":"2014-08-18T13:55:39","slug":"tassa-here","status":"publish","type":"page","link":"https:\/\/www.mishiri.de\/?page_id=40","title":{"rendered":""},"content":{"rendered":"\n\t\t<style type=\"text\/css\">\n\t\t\t#gallery-1 {\n\t\t\t\tmargin: auto;\n\t\t\t}\n\t\t\t#gallery-1 .gallery-item {\n\t\t\t\tfloat: left;\n\t\t\t\tmargin-top: 10px;\n\t\t\t\ttext-align: center;\n\t\t\t\twidth: 16%;\n\t\t\t}\n\t\t\t#gallery-1 img {\n\t\t\t\tborder: 2px solid #cfcfcf;\n\t\t\t}\n\t\t\t#gallery-1 .gallery-caption {\n\t\t\t\tmargin-left: 0;\n\t\t\t}\n\t\t\t\/* see gallery_shortcode() in wp-includes\/media.php *\/\n\t\t<\/style>\n\t\t<div id='gallery-1' class='gallery galleryid-40 gallery-columns-6 gallery-size-thumbnail'><dl class='gallery-item'>\n\t\t\t<dt class='gallery-icon landscape'>\n\t\t\t\t<a href='https:\/\/www.mishiri.de\/wp-content\/uploads\/2011\/01\/near_vanhaanjoki_mit_mir4.jpg' itemprop=\"contentURL\" rel=\"lightbox[40]\"><img loading=\"lazy\" decoding=\"async\" width=\"150\" height=\"125\" src=\"https:\/\/www.mishiri.de\/wp-content\/uploads\/2011\/01\/near_vanhaanjoki_mit_mir4.jpg\" class=\"attachment-thumbnail size-thumbnail\" alt=\"\" srcset=\"https:\/\/www.mishiri.de\/wp-content\/uploads\/2011\/01\/near_vanhaanjoki_mit_mir4.jpg 765w, https:\/\/www.mishiri.de\/wp-content\/uploads\/2011\/01\/near_vanhaanjoki_mit_mir4-600x500.jpg 600w\" sizes=\"(max-width: 150px) 100vw, 150px\" itemprop=\"thumbnail\" \/><\/a>\n\t\t\t<\/dt><\/dl><dl class='gallery-item'>\n\t\t\t<dt class='gallery-icon landscape'>\n\t\t\t\t<a href='https:\/\/www.mishiri.de\/wp-content\/uploads\/2011\/01\/near_vanhaanjoki_ohne_mich.jpg' itemprop=\"contentURL\" rel=\"lightbox[40]\"><img loading=\"lazy\" decoding=\"async\" width=\"150\" height=\"125\" src=\"https:\/\/www.mishiri.de\/wp-content\/uploads\/2011\/01\/near_vanhaanjoki_ohne_mich.jpg\" class=\"attachment-thumbnail size-thumbnail\" alt=\"\" srcset=\"https:\/\/www.mishiri.de\/wp-content\/uploads\/2011\/01\/near_vanhaanjoki_ohne_mich.jpg 765w, https:\/\/www.mishiri.de\/wp-content\/uploads\/2011\/01\/near_vanhaanjoki_ohne_mich-600x500.jpg 600w\" sizes=\"(max-width: 150px) 100vw, 150px\" itemprop=\"thumbnail\" \/><\/a>\n\t\t\t<\/dt><\/dl><dl class='gallery-item'>\n\t\t\t<dt class='gallery-icon landscape'>\n\t\t\t\t<a href='https:\/\/www.mishiri.de\/wp-content\/uploads\/2011\/01\/merihaka_mit_mir2.jpg' itemprop=\"contentURL\" rel=\"lightbox[40]\"><img loading=\"lazy\" decoding=\"async\" width=\"150\" height=\"125\" src=\"https:\/\/www.mishiri.de\/wp-content\/uploads\/2011\/01\/merihaka_mit_mir2.jpg\" class=\"attachment-thumbnail size-thumbnail\" alt=\"\" srcset=\"https:\/\/www.mishiri.de\/wp-content\/uploads\/2011\/01\/merihaka_mit_mir2.jpg 765w, https:\/\/www.mishiri.de\/wp-content\/uploads\/2011\/01\/merihaka_mit_mir2-600x500.jpg 600w\" sizes=\"(max-width: 150px) 100vw, 150px\" itemprop=\"thumbnail\" \/><\/a>\n\t\t\t<\/dt><\/dl><dl class='gallery-item'>\n\t\t\t<dt class='gallery-icon landscape'>\n\t\t\t\t<a href='https:\/\/www.mishiri.de\/wp-content\/uploads\/2011\/01\/merihaka_ohne_mich.jpg' itemprop=\"contentURL\" rel=\"lightbox[40]\"><img loading=\"lazy\" decoding=\"async\" width=\"150\" height=\"125\" src=\"https:\/\/www.mishiri.de\/wp-content\/uploads\/2011\/01\/merihaka_ohne_mich.jpg\" class=\"attachment-thumbnail size-thumbnail\" alt=\"\" srcset=\"https:\/\/www.mishiri.de\/wp-content\/uploads\/2011\/01\/merihaka_ohne_mich.jpg 765w, https:\/\/www.mishiri.de\/wp-content\/uploads\/2011\/01\/merihaka_ohne_mich-600x500.jpg 600w\" sizes=\"(max-width: 150px) 100vw, 150px\" itemprop=\"thumbnail\" \/><\/a>\n\t\t\t<\/dt><\/dl><dl class='gallery-item'>\n\t\t\t<dt class='gallery-icon landscape'>\n\t\t\t\t<a href='https:\/\/www.mishiri.de\/wp-content\/uploads\/2011\/01\/lauttasaari3_mit_mir.jpg' itemprop=\"contentURL\" rel=\"lightbox[40]\"><img loading=\"lazy\" decoding=\"async\" width=\"150\" height=\"125\" src=\"https:\/\/www.mishiri.de\/wp-content\/uploads\/2011\/01\/lauttasaari3_mit_mir.jpg\" class=\"attachment-thumbnail size-thumbnail\" alt=\"\" srcset=\"https:\/\/www.mishiri.de\/wp-content\/uploads\/2011\/01\/lauttasaari3_mit_mir.jpg 765w, https:\/\/www.mishiri.de\/wp-content\/uploads\/2011\/01\/lauttasaari3_mit_mir-600x500.jpg 600w\" sizes=\"(max-width: 150px) 100vw, 150px\" itemprop=\"thumbnail\" \/><\/a>\n\t\t\t<\/dt><\/dl><dl class='gallery-item'>\n\t\t\t<dt class='gallery-icon landscape'>\n\t\t\t\t<a href='https:\/\/www.mishiri.de\/wp-content\/uploads\/2011\/01\/lauttasari3_ohne_mich.jpg' itemprop=\"contentURL\" rel=\"lightbox[40]\"><img loading=\"lazy\" decoding=\"async\" width=\"150\" height=\"125\" src=\"https:\/\/www.mishiri.de\/wp-content\/uploads\/2011\/01\/lauttasari3_ohne_mich.jpg\" class=\"attachment-thumbnail size-thumbnail\" alt=\"\" srcset=\"https:\/\/www.mishiri.de\/wp-content\/uploads\/2011\/01\/lauttasari3_ohne_mich.jpg 765w, https:\/\/www.mishiri.de\/wp-content\/uploads\/2011\/01\/lauttasari3_ohne_mich-600x500.jpg 600w\" sizes=\"(max-width: 150px) 100vw, 150px\" itemprop=\"thumbnail\" \/><\/a>\n\t\t\t<\/dt><\/dl><br style=\"clear: both\" \/><dl class='gallery-item'>\n\t\t\t<dt class='gallery-icon landscape'>\n\t\t\t\t<a href='https:\/\/www.mishiri.de\/wp-content\/uploads\/2011\/01\/kylasaarenkatu_mit_mir.jpg' itemprop=\"contentURL\" rel=\"lightbox[40]\"><img loading=\"lazy\" decoding=\"async\" width=\"150\" height=\"125\" src=\"https:\/\/www.mishiri.de\/wp-content\/uploads\/2011\/01\/kylasaarenkatu_mit_mir.jpg\" class=\"attachment-thumbnail size-thumbnail\" alt=\"\" srcset=\"https:\/\/www.mishiri.de\/wp-content\/uploads\/2011\/01\/kylasaarenkatu_mit_mir.jpg 765w, https:\/\/www.mishiri.de\/wp-content\/uploads\/2011\/01\/kylasaarenkatu_mit_mir-600x500.jpg 600w\" sizes=\"(max-width: 150px) 100vw, 150px\" itemprop=\"thumbnail\" \/><\/a>\n\t\t\t<\/dt><\/dl><dl class='gallery-item'>\n\t\t\t<dt class='gallery-icon landscape'>\n\t\t\t\t<a href='https:\/\/www.mishiri.de\/wp-content\/uploads\/2011\/01\/kylasaarenkatu_ohne_mich.jpg' itemprop=\"contentURL\" rel=\"lightbox[40]\"><img loading=\"lazy\" decoding=\"async\" width=\"150\" height=\"125\" src=\"https:\/\/www.mishiri.de\/wp-content\/uploads\/2011\/01\/kylasaarenkatu_ohne_mich.jpg\" class=\"attachment-thumbnail size-thumbnail\" alt=\"\" srcset=\"https:\/\/www.mishiri.de\/wp-content\/uploads\/2011\/01\/kylasaarenkatu_ohne_mich.jpg 765w, https:\/\/www.mishiri.de\/wp-content\/uploads\/2011\/01\/kylasaarenkatu_ohne_mich-600x500.jpg 600w\" sizes=\"(max-width: 150px) 100vw, 150px\" itemprop=\"thumbnail\" \/><\/a>\n\t\t\t<\/dt><\/dl><dl class='gallery-item'>\n\t\t\t<dt class='gallery-icon landscape'>\n\t\t\t\t<a href='https:\/\/www.mishiri.de\/wp-content\/uploads\/2011\/01\/lauttasaarensalmi_mit_mir.jpg' itemprop=\"contentURL\" rel=\"lightbox[40]\"><img loading=\"lazy\" decoding=\"async\" width=\"150\" height=\"125\" src=\"https:\/\/www.mishiri.de\/wp-content\/uploads\/2011\/01\/lauttasaarensalmi_mit_mir.jpg\" class=\"attachment-thumbnail size-thumbnail\" alt=\"\" srcset=\"https:\/\/www.mishiri.de\/wp-content\/uploads\/2011\/01\/lauttasaarensalmi_mit_mir.jpg 765w, https:\/\/www.mishiri.de\/wp-content\/uploads\/2011\/01\/lauttasaarensalmi_mit_mir-600x500.jpg 600w\" sizes=\"(max-width: 150px) 100vw, 150px\" itemprop=\"thumbnail\" \/><\/a>\n\t\t\t<\/dt><\/dl><dl class='gallery-item'>\n\t\t\t<dt class='gallery-icon landscape'>\n\t\t\t\t<a href='https:\/\/www.mishiri.de\/wp-content\/uploads\/2011\/01\/lauttasaarensalmi_ohne_mich.jpg' itemprop=\"contentURL\" rel=\"lightbox[40]\"><img loading=\"lazy\" decoding=\"async\" width=\"150\" height=\"125\" src=\"https:\/\/www.mishiri.de\/wp-content\/uploads\/2011\/01\/lauttasaarensalmi_ohne_mich.jpg\" class=\"attachment-thumbnail size-thumbnail\" alt=\"\" srcset=\"https:\/\/www.mishiri.de\/wp-content\/uploads\/2011\/01\/lauttasaarensalmi_ohne_mich.jpg 765w, https:\/\/www.mishiri.de\/wp-content\/uploads\/2011\/01\/lauttasaarensalmi_ohne_mich-600x500.jpg 600w\" sizes=\"(max-width: 150px) 100vw, 150px\" itemprop=\"thumbnail\" \/><\/a>\n\t\t\t<\/dt><\/dl><dl class='gallery-item'>\n\t\t\t<dt class='gallery-icon landscape'>\n\t\t\t\t<a href='https:\/\/www.mishiri.de\/wp-content\/uploads\/2011\/01\/hermannin_rantatie_mit_mir4.jpg' itemprop=\"contentURL\" rel=\"lightbox[40]\"><img loading=\"lazy\" decoding=\"async\" width=\"150\" height=\"125\" src=\"https:\/\/www.mishiri.de\/wp-content\/uploads\/2011\/01\/hermannin_rantatie_mit_mir4.jpg\" class=\"attachment-thumbnail size-thumbnail\" alt=\"\" srcset=\"https:\/\/www.mishiri.de\/wp-content\/uploads\/2011\/01\/hermannin_rantatie_mit_mir4.jpg 765w, https:\/\/www.mishiri.de\/wp-content\/uploads\/2011\/01\/hermannin_rantatie_mit_mir4-600x500.jpg 600w\" sizes=\"(max-width: 150px) 100vw, 150px\" itemprop=\"thumbnail\" \/><\/a>\n\t\t\t<\/dt><\/dl><dl class='gallery-item'>\n\t\t\t<dt class='gallery-icon landscape'>\n\t\t\t\t<a href='https:\/\/www.mishiri.de\/wp-content\/uploads\/2011\/01\/hermannin_rantatie_ohne_mich.jpg' itemprop=\"contentURL\" rel=\"lightbox[40]\"><img loading=\"lazy\" decoding=\"async\" width=\"150\" height=\"125\" src=\"https:\/\/www.mishiri.de\/wp-content\/uploads\/2011\/01\/hermannin_rantatie_ohne_mich.jpg\" class=\"attachment-thumbnail size-thumbnail\" alt=\"\" srcset=\"https:\/\/www.mishiri.de\/wp-content\/uploads\/2011\/01\/hermannin_rantatie_ohne_mich.jpg 765w, https:\/\/www.mishiri.de\/wp-content\/uploads\/2011\/01\/hermannin_rantatie_ohne_mich-600x500.jpg 600w\" sizes=\"(max-width: 150px) 100vw, 150px\" itemprop=\"thumbnail\" \/><\/a>\n\t\t\t<\/dt><\/dl><br style=\"clear: both\" \/><dl class='gallery-item'>\n\t\t\t<dt class='gallery-icon landscape'>\n\t\t\t\t<a href='https:\/\/www.mishiri.de\/wp-content\/uploads\/2010\/02\/herbstweg_mit_mir_web.jpg' itemprop=\"contentURL\" rel=\"lightbox[40]\"><img loading=\"lazy\" decoding=\"async\" width=\"150\" height=\"150\" src=\"https:\/\/www.mishiri.de\/wp-content\/uploads\/2010\/02\/herbstweg_mit_mir_web-150x150.jpg\" class=\"attachment-thumbnail size-thumbnail\" alt=\"\" itemprop=\"thumbnail\" \/><\/a>\n\t\t\t<\/dt><\/dl><dl class='gallery-item'>\n\t\t\t<dt class='gallery-icon landscape'>\n\t\t\t\t<a href='https:\/\/www.mishiri.de\/wp-content\/uploads\/2010\/02\/herbstweg_ohne_mich_web.jpg' itemprop=\"contentURL\" rel=\"lightbox[40]\"><img loading=\"lazy\" decoding=\"async\" width=\"150\" height=\"150\" src=\"https:\/\/www.mishiri.de\/wp-content\/uploads\/2010\/02\/herbstweg_ohne_mich_web-150x150.jpg\" class=\"attachment-thumbnail size-thumbnail\" alt=\"\" itemprop=\"thumbnail\" \/><\/a>\n\t\t\t<\/dt><\/dl><dl class='gallery-item'>\n\t\t\t<dt class='gallery-icon landscape'>\n\t\t\t\t<a href='https:\/\/www.mishiri.de\/wp-content\/uploads\/2010\/02\/phoenix_stra\u00dfe_mit_mir_web.jpg' itemprop=\"contentURL\" rel=\"lightbox[40]\"><img loading=\"lazy\" decoding=\"async\" width=\"150\" height=\"150\" src=\"https:\/\/www.mishiri.de\/wp-content\/uploads\/2010\/02\/phoenix_stra\u00dfe_mit_mir_web-150x150.jpg\" class=\"attachment-thumbnail size-thumbnail\" alt=\"\" itemprop=\"thumbnail\" \/><\/a>\n\t\t\t<\/dt><\/dl><dl class='gallery-item'>\n\t\t\t<dt class='gallery-icon landscape'>\n\t\t\t\t<a href='https:\/\/www.mishiri.de\/wp-content\/uploads\/2010\/02\/phoenix_stra\u00dfe_ohne_mich_web.jpg' itemprop=\"contentURL\" rel=\"lightbox[40]\"><img loading=\"lazy\" decoding=\"async\" width=\"150\" height=\"150\" src=\"https:\/\/www.mishiri.de\/wp-content\/uploads\/2010\/02\/phoenix_stra\u00dfe_ohne_mich_web-150x150.jpg\" class=\"attachment-thumbnail size-thumbnail\" alt=\"\" itemprop=\"thumbnail\" \/><\/a>\n\t\t\t<\/dt><\/dl><dl class='gallery-item'>\n\t\t\t<dt class='gallery-icon landscape'>\n\t\t\t\t<a href='https:\/\/www.mishiri.de\/wp-content\/uploads\/2010\/02\/leuschnerplatz_mit_mir.jpg' itemprop=\"contentURL\" rel=\"lightbox[40]\"><img loading=\"lazy\" decoding=\"async\" width=\"150\" height=\"150\" src=\"https:\/\/www.mishiri.de\/wp-content\/uploads\/2010\/02\/leuschnerplatz_mit_mir-150x150.jpg\" class=\"attachment-thumbnail size-thumbnail\" alt=\"\" itemprop=\"thumbnail\" \/><\/a>\n\t\t\t<\/dt><\/dl><dl class='gallery-item'>\n\t\t\t<dt class='gallery-icon landscape'>\n\t\t\t\t<a href='https:\/\/www.mishiri.de\/wp-content\/uploads\/2010\/02\/leuschnerplatz_ohne_mich.jpg' itemprop=\"contentURL\" rel=\"lightbox[40]\"><img loading=\"lazy\" decoding=\"async\" width=\"150\" height=\"150\" src=\"https:\/\/www.mishiri.de\/wp-content\/uploads\/2010\/02\/leuschnerplatz_ohne_mich-150x150.jpg\" class=\"attachment-thumbnail size-thumbnail\" alt=\"\" itemprop=\"thumbnail\" \/><\/a>\n\t\t\t<\/dt><\/dl><br style=\"clear: both\" \/><dl class='gallery-item'>\n\t\t\t<dt class='gallery-icon landscape'>\n\t\t\t\t<a href='https:\/\/www.mishiri.de\/wp-content\/uploads\/2010\/02\/alte_messe_mit_mir1_web.jpg' itemprop=\"contentURL\" rel=\"lightbox[40]\"><img loading=\"lazy\" decoding=\"async\" width=\"150\" height=\"150\" src=\"https:\/\/www.mishiri.de\/wp-content\/uploads\/2010\/02\/alte_messe_mit_mir1_web-150x150.jpg\" class=\"attachment-thumbnail size-thumbnail\" alt=\"\" itemprop=\"thumbnail\" \/><\/a>\n\t\t\t<\/dt><\/dl><dl class='gallery-item'>\n\t\t\t<dt class='gallery-icon landscape'>\n\t\t\t\t<a href='https:\/\/www.mishiri.de\/wp-content\/uploads\/2010\/02\/alte_messe_ohne_mich1_web.jpg' itemprop=\"contentURL\" rel=\"lightbox[40]\"><img loading=\"lazy\" decoding=\"async\" width=\"150\" height=\"150\" src=\"https:\/\/www.mishiri.de\/wp-content\/uploads\/2010\/02\/alte_messe_ohne_mich1_web-150x150.jpg\" class=\"attachment-thumbnail size-thumbnail\" alt=\"\" itemprop=\"thumbnail\" \/><\/a>\n\t\t\t<\/dt><\/dl><dl class='gallery-item'>\n\t\t\t<dt class='gallery-icon landscape'>\n\t\t\t\t<a href='https:\/\/www.mishiri.de\/wp-content\/uploads\/2010\/02\/plattform_mit_mir_web.jpg' itemprop=\"contentURL\" rel=\"lightbox[40]\"><img loading=\"lazy\" decoding=\"async\" width=\"150\" height=\"150\" src=\"https:\/\/www.mishiri.de\/wp-content\/uploads\/2010\/02\/plattform_mit_mir_web-150x150.jpg\" class=\"attachment-thumbnail size-thumbnail\" alt=\"\" itemprop=\"thumbnail\" \/><\/a>\n\t\t\t<\/dt><\/dl><dl class='gallery-item'>\n\t\t\t<dt class='gallery-icon landscape'>\n\t\t\t\t<a href='https:\/\/www.mishiri.de\/wp-content\/uploads\/2010\/02\/plattform_ohne_mich_web.jpg' itemprop=\"contentURL\" rel=\"lightbox[40]\"><img loading=\"lazy\" decoding=\"async\" width=\"150\" height=\"150\" src=\"https:\/\/www.mishiri.de\/wp-content\/uploads\/2010\/02\/plattform_ohne_mich_web-150x150.jpg\" class=\"attachment-thumbnail size-thumbnail\" alt=\"\" itemprop=\"thumbnail\" \/><\/a>\n\t\t\t<\/dt><\/dl><dl class='gallery-item'>\n\t\t\t<dt class='gallery-icon landscape'>\n\t\t\t\t<a href='https:\/\/www.mishiri.de\/wp-content\/uploads\/2010\/02\/t\u00e4ss\u00e4_bildpaare_web.jpg' itemprop=\"contentURL\" rel=\"lightbox[40]\"><img loading=\"lazy\" decoding=\"async\" width=\"150\" height=\"150\" src=\"https:\/\/www.mishiri.de\/wp-content\/uploads\/2010\/02\/t\u00e4ss\u00e4_bildpaare_web-150x150.jpg\" class=\"attachment-thumbnail size-thumbnail\" alt=\"\" itemprop=\"thumbnail\" \/><\/a>\n\t\t\t<\/dt><\/dl>\n\t\t\t<br style='clear: both' \/>\n\t\t<\/div>\n\n<p><em><br \/>\nT\u00e4ss\u00e4, Here<\/em>, seit 2007, C-Prints, je 33,5 x 40 cm, gerahmt<\/p>\n<p>&nbsp;<\/p>\n<p>&nbsp;<\/p>\n<p>Das finnische Wort \u201eT\u00e4ss\u00e4&#8220; f\u00fcr \u201ehier\u201c erlaubt sowohl eine Verortung des Ichs als auch eine Markierung der eigenen Anwesenheit.<br \/>\nClaudia Lindner sind im Stadtraum Helsinkis eine Reihe von wei\u00dfen, auf den Boden gemalten, Kreuzen aufgefallen, die wahrscheinlich als Markierungen f\u00fcr Luftbildaufnahmen dienen. In einer Erkundung der Stadt, die sich \u2013 mit Referenzen an ein psychogeographisches Vorgehen \u2013 \u00fcber mehrere Monate hinzog, hat sie diese Kreuze als Vorwand genommen, die Orte im Verh\u00e4ltnis zu ihrer eigenen Anwesenheit und Abwesenheit zu dokumentieren. Diese unspektakul\u00e4ren Orte werden durch Lindners ebenso unspektakul\u00e4res Auftreten kaum ver\u00e4ndert, allerdings durch die Dokumentation ihrer Anwesenheit mit Bedeutung aufgeladen. Sie existieren. Die Jahreszeiten wechseln, das Licht \u00e4ndert sich. Beim genauen Hinsehen entdeckt man unter anderem auch, wie sich Claudia Lindners Bauch langsam w\u00f6lbt, Zeichen einer Schwangerschaft.<br \/>\nInzwischen, nach der R\u00fcckkehr nach Deutschland, ist sie dazu \u00fcbergegangen, ihre eigenen Kreuze anzubringen und so ein eigenes Referenz-System zu schaffen.<\/p>\n","protected":false},"excerpt":{"rendered":"<p>T\u00e4ss\u00e4, Here, seit 2007, C-Prints, je 33,5 x 40 cm, gerahmt &nbsp; &nbsp; Das finnische Wort \u201eT\u00e4ss\u00e4&#8220; f\u00fcr \u201ehier\u201c erlaubt sowohl eine Verortung des Ichs als auch eine Markierung der eigenen Anwesenheit. Claudia Lindner sind im Stadtraum Helsinkis eine Reihe von wei\u00dfen, auf den Boden gemalten, Kreuzen aufgefallen, die wahrscheinlich als Markierungen f\u00fcr Luftbildaufnahmen dienen. [&hellip;]<\/p>\n","protected":false},"author":2,"featured_media":0,"parent":4,"menu_order":0,"comment_status":"closed","ping_status":"closed","template":"","meta":{"footnotes":""},"class_list":["post-40","page","type-page","status-publish","hentry"],"_links":{"self":[{"href":"https:\/\/www.mishiri.de\/index.php?rest_route=\/wp\/v2\/pages\/40"}],"collection":[{"href":"https:\/\/www.mishiri.de\/index.php?rest_route=\/wp\/v2\/pages"}],"about":[{"href":"https:\/\/www.mishiri.de\/index.php?rest_route=\/wp\/v2\/types\/page"}],"author":[{"embeddable":true,"href":"https:\/\/www.mishiri.de\/index.php?rest_route=\/wp\/v2\/users\/2"}],"replies":[{"embeddable":true,"href":"https:\/\/www.mishiri.de\/index.php?rest_route=%2Fwp%2Fv2%2Fcomments&post=40"}],"version-history":[{"count":27,"href":"https:\/\/www.mishiri.de\/index.php?rest_route=\/wp\/v2\/pages\/40\/revisions"}],"predecessor-version":[{"id":767,"href":"https:\/\/www.mishiri.de\/index.php?rest_route=\/wp\/v2\/pages\/40\/revisions\/767"}],"up":[{"embeddable":true,"href":"https:\/\/www.mishiri.de\/index.php?rest_route=\/wp\/v2\/pages\/4"}],"wp:attachment":[{"href":"https:\/\/www.mishiri.de\/index.php?rest_route=%2Fwp%2Fv2%2Fmedia&parent=40"}],"curies":[{"name":"wp","href":"https:\/\/api.w.org\/{rel}","templated":true}]}}