{"id":42,"date":"2010-02-09T02:41:47","date_gmt":"2010-02-08T23:41:47","guid":{"rendered":"http:\/\/irmielin.org\/claudialindner\/?page_id=42"},"modified":"2014-08-18T16:55:01","modified_gmt":"2014-08-18T13:55:01","slug":"buck-dich-so-tief-du-kannst-sie-werden-uns-fur-fuchse-halten","status":"publish","type":"page","link":"https:\/\/www.mishiri.de\/?page_id=42","title":{"rendered":""},"content":{"rendered":"<p><a href=\"http:\/\/www.mishiri.de\/wp-content\/uploads\/2011\/01\/bueck_dich_so_tief_du_kannst_sie_werden_uns_fuer_fuechse_halten.jpg\" rel=\"lightbox[42]\"><img loading=\"lazy\" decoding=\"async\" class=\"alignnone size-full wp-image-269\" title=\"B\u00fcck dich so tief du kannst, sie werden uns f\u00fcr F\u00fcchse halten (2008)\" src=\"http:\/\/www.mishiri.de\/wp-content\/uploads\/2011\/01\/bueck_dich_so_tief_du_kannst_sie_werden_uns_fuer_fuechse_halten.jpg\" alt=\"\" width=\"765\" height=\"619\" srcset=\"https:\/\/www.mishiri.de\/wp-content\/uploads\/2011\/01\/bueck_dich_so_tief_du_kannst_sie_werden_uns_fuer_fuechse_halten.jpg 850w, https:\/\/www.mishiri.de\/wp-content\/uploads\/2011\/01\/bueck_dich_so_tief_du_kannst_sie_werden_uns_fuer_fuechse_halten-600x485.jpg 600w\" sizes=\"(max-width: 765px) 100vw, 765px\" \/><\/a><\/p>\n<p><em><br \/>\nB\u00fcck dich so tief du kannst, sie werden uns f\u00fcr F\u00fcchse halten<\/em>, Lambda-Print, 123,5 x 100 cm, gerahmt, 2008<\/p>\n<p>&nbsp;<\/p>\n<p>&nbsp;<\/p>\n","protected":false},"excerpt":{"rendered":"<p>B\u00fcck dich so tief du kannst, sie werden uns f\u00fcr F\u00fcchse halten, Lambda-Print, 123,5 x 100 cm, gerahmt, 2008 &nbsp; &nbsp;<\/p>\n","protected":false},"author":2,"featured_media":0,"parent":4,"menu_order":0,"comment_status":"closed","ping_status":"closed","template":"","meta":{"footnotes":""},"class_list":["post-42","page","type-page","status-publish","hentry"],"_links":{"self":[{"href":"https:\/\/www.mishiri.de\/index.php?rest_route=\/wp\/v2\/pages\/42"}],"collection":[{"href":"https:\/\/www.mishiri.de\/index.php?rest_route=\/wp\/v2\/pages"}],"about":[{"href":"https:\/\/www.mishiri.de\/index.php?rest_route=\/wp\/v2\/types\/page"}],"author":[{"embeddable":true,"href":"https:\/\/www.mishiri.de\/index.php?rest_route=\/wp\/v2\/users\/2"}],"replies":[{"embeddable":true,"href":"https:\/\/www.mishiri.de\/index.php?rest_route=%2Fwp%2Fv2%2Fcomments&post=42"}],"version-history":[{"count":15,"href":"https:\/\/www.mishiri.de\/index.php?rest_route=\/wp\/v2\/pages\/42\/revisions"}],"predecessor-version":[{"id":765,"href":"https:\/\/www.mishiri.de\/index.php?rest_route=\/wp\/v2\/pages\/42\/revisions\/765"}],"up":[{"embeddable":true,"href":"https:\/\/www.mishiri.de\/index.php?rest_route=\/wp\/v2\/pages\/4"}],"wp:attachment":[{"href":"https:\/\/www.mishiri.de\/index.php?rest_route=%2Fwp%2Fv2%2Fmedia&parent=42"}],"curies":[{"name":"wp","href":"https:\/\/api.w.org\/{rel}","templated":true}]}}