{"id":7,"date":"2010-02-05T23:10:20","date_gmt":"2010-02-05T20:10:20","guid":{"rendered":"http:\/\/irmielin.org\/claudialindner\/?page_id=7"},"modified":"2011-06-26T23:52:23","modified_gmt":"2011-06-26T20:52:23","slug":"auftrage","status":"publish","type":"page","link":"https:\/\/www.mishiri.de\/?page_id=7","title":{"rendered":"Auftr\u00e4ge"},"content":{"rendered":"<p><a href=\"http:\/\/www.mishiri.de\/?page_id=543\">Liisa Pentti<\/a> (FI), 2007<br \/>\n<a href=\"http:\/\/www.mishiri.de\/?page_id=275\"><em>La Seule<\/em>, Favela Vera Ortiz<\/a> (FI), 2007<br \/>\n<a href=\"http:\/\/www.mishiri.de\/?page_id=571\"><em>Being Greta<\/em>, Maija Hirvanen<\/a> (FI), 2007<a href=\"http:\/\/www.mishiri.de\/?page_id=88\"><br \/>\n<em>L\u00e4hiosoite<\/em>, Hanna Brotherus<\/a> (FI), 2007<a href=\"?page_id=90\"><br \/>\n<\/a><a href=\"http:\/\/www.mishiri.de\/?page_id=90\"><em>T\u00e4n\u00e4\u00e4n. T\u00e4\u00e4ll\u00e4. Me: Paikka auringossa<\/em>, Jenni Kostinen<\/a> (FI), 2008<a href=\"?page_id=88\"><br \/>\n<\/a><em>Connective Patterns<\/em>, Sari Palmgren (FI), 2008<br \/>\n<em>Pflegestufe IV<\/em>, Leipziger Tanztheater (D), 2009<br \/>\nLeipziger Tanztheater (D), 2010<br \/>\n<a title=\"TuG Leipzig\" href=\"http:\/\/www.mishiri.de\/?page_id=354\">TuG Leipzig (D),<\/a> 2011<\/p>\n","protected":false},"excerpt":{"rendered":"<p>Liisa Pentti (FI), 2007 La Seule, Favela Vera Ortiz (FI), 2007 Being Greta, Maija Hirvanen (FI), 2007 L\u00e4hiosoite, Hanna Brotherus (FI), 2007 T\u00e4n\u00e4\u00e4n. T\u00e4\u00e4ll\u00e4. Me: Paikka auringossa, Jenni Kostinen (FI), 2008 Connective Patterns, Sari Palmgren (FI), 2008 Pflegestufe IV, Leipziger Tanztheater (D), 2009 Leipziger Tanztheater (D), 2010 TuG Leipzig (D), 2011<\/p>\n","protected":false},"author":2,"featured_media":0,"parent":0,"menu_order":0,"comment_status":"closed","ping_status":"closed","template":"","meta":{"footnotes":""},"class_list":["post-7","page","type-page","status-publish","hentry"],"_links":{"self":[{"href":"https:\/\/www.mishiri.de\/index.php?rest_route=\/wp\/v2\/pages\/7"}],"collection":[{"href":"https:\/\/www.mishiri.de\/index.php?rest_route=\/wp\/v2\/pages"}],"about":[{"href":"https:\/\/www.mishiri.de\/index.php?rest_route=\/wp\/v2\/types\/page"}],"author":[{"embeddable":true,"href":"https:\/\/www.mishiri.de\/index.php?rest_route=\/wp\/v2\/users\/2"}],"replies":[{"embeddable":true,"href":"https:\/\/www.mishiri.de\/index.php?rest_route=%2Fwp%2Fv2%2Fcomments&post=7"}],"version-history":[{"count":40,"href":"https:\/\/www.mishiri.de\/index.php?rest_route=\/wp\/v2\/pages\/7\/revisions"}],"predecessor-version":[{"id":662,"href":"https:\/\/www.mishiri.de\/index.php?rest_route=\/wp\/v2\/pages\/7\/revisions\/662"}],"wp:attachment":[{"href":"https:\/\/www.mishiri.de\/index.php?rest_route=%2Fwp%2Fv2%2Fmedia&parent=7"}],"curies":[{"name":"wp","href":"https:\/\/api.w.org\/{rel}","templated":true}]}}