{"id":90,"date":"2010-02-13T14:06:06","date_gmt":"2010-02-13T11:06:06","guid":{"rendered":"http:\/\/irmielin.org\/claudialindner\/?page_id=90"},"modified":"2014-08-18T15:38:07","modified_gmt":"2014-08-18T12:38:07","slug":"jenni-koistinen","status":"publish","type":"page","link":"https:\/\/www.mishiri.de\/?page_id=90","title":{"rendered":"T\u00e4n\u00e4\u00e4n. T\u00e4\u00e4ll\u00e4. Me: Paikka auringossa (Today. Here. Us: Place in the sun)"},"content":{"rendered":"\n\t\t<style type=\"text\/css\">\n\t\t\t#gallery-1 {\n\t\t\t\tmargin: auto;\n\t\t\t}\n\t\t\t#gallery-1 .gallery-item {\n\t\t\t\tfloat: left;\n\t\t\t\tmargin-top: 10px;\n\t\t\t\ttext-align: center;\n\t\t\t\twidth: 20%;\n\t\t\t}\n\t\t\t#gallery-1 img {\n\t\t\t\tborder: 2px solid #cfcfcf;\n\t\t\t}\n\t\t\t#gallery-1 .gallery-caption {\n\t\t\t\tmargin-left: 0;\n\t\t\t}\n\t\t\t\/* see gallery_shortcode() in wp-includes\/media.php *\/\n\t\t<\/style>\n\t\t<div id='gallery-1' class='gallery galleryid-90 gallery-columns-5 gallery-size-thumbnail'><dl class='gallery-item'>\n\t\t\t<dt class='gallery-icon landscape'>\n\t\t\t\t<a href='https:\/\/www.mishiri.de\/wp-content\/uploads\/2010\/02\/4.jpg' itemprop=\"contentURL\" rel=\"lightbox[90]\"><img loading=\"lazy\" decoding=\"async\" width=\"150\" height=\"150\" src=\"https:\/\/www.mishiri.de\/wp-content\/uploads\/2010\/02\/4-150x150.jpg\" class=\"attachment-thumbnail size-thumbnail\" alt=\"T\u00e4n\u00e4\u00e4n. T\u00e4\u00e4ll\u00e4. Me: Paikka auringossa, Jenni Koistinen\" itemprop=\"thumbnail\" \/><\/a>\n\t\t\t<\/dt><\/dl><dl class='gallery-item'>\n\t\t\t<dt class='gallery-icon landscape'>\n\t\t\t\t<a href='https:\/\/www.mishiri.de\/wp-content\/uploads\/2010\/02\/14.jpg' itemprop=\"contentURL\" rel=\"lightbox[90]\"><img loading=\"lazy\" decoding=\"async\" width=\"150\" height=\"150\" src=\"https:\/\/www.mishiri.de\/wp-content\/uploads\/2010\/02\/14-150x150.jpg\" class=\"attachment-thumbnail size-thumbnail\" alt=\"T\u00e4n\u00e4\u00e4n. T\u00e4\u00e4ll\u00e4. Me: Paikka auringossa, Jenni Koistinen\" itemprop=\"thumbnail\" \/><\/a>\n\t\t\t<\/dt><\/dl><dl class='gallery-item'>\n\t\t\t<dt class='gallery-icon landscape'>\n\t\t\t\t<a href='https:\/\/www.mishiri.de\/wp-content\/uploads\/2010\/02\/13.jpg' itemprop=\"contentURL\" rel=\"lightbox[90]\"><img loading=\"lazy\" decoding=\"async\" width=\"150\" height=\"150\" src=\"https:\/\/www.mishiri.de\/wp-content\/uploads\/2010\/02\/13-150x150.jpg\" class=\"attachment-thumbnail size-thumbnail\" alt=\"T\u00e4n\u00e4\u00e4n. T\u00e4\u00e4ll\u00e4. Me: Paikka auringossa, Jenni Koistinen\" itemprop=\"thumbnail\" \/><\/a>\n\t\t\t<\/dt><\/dl><dl class='gallery-item'>\n\t\t\t<dt class='gallery-icon landscape'>\n\t\t\t\t<a href='https:\/\/www.mishiri.de\/wp-content\/uploads\/2010\/02\/7.jpg' itemprop=\"contentURL\" rel=\"lightbox[90]\"><img loading=\"lazy\" decoding=\"async\" width=\"150\" height=\"150\" src=\"https:\/\/www.mishiri.de\/wp-content\/uploads\/2010\/02\/7-150x150.jpg\" class=\"attachment-thumbnail size-thumbnail\" alt=\"T\u00e4n\u00e4\u00e4n. T\u00e4\u00e4ll\u00e4. Me: Paikka auringossa, Jenni Koistinen\" itemprop=\"thumbnail\" \/><\/a>\n\t\t\t<\/dt><\/dl><dl class='gallery-item'>\n\t\t\t<dt class='gallery-icon landscape'>\n\t\t\t\t<a href='https:\/\/www.mishiri.de\/wp-content\/uploads\/2010\/02\/8.jpg' itemprop=\"contentURL\" rel=\"lightbox[90]\"><img loading=\"lazy\" decoding=\"async\" width=\"150\" height=\"150\" src=\"https:\/\/www.mishiri.de\/wp-content\/uploads\/2010\/02\/8-150x150.jpg\" class=\"attachment-thumbnail size-thumbnail\" alt=\"T\u00e4n\u00e4\u00e4n. T\u00e4\u00e4ll\u00e4. Me: Paikka auringossa, Jenni Koistinen\" itemprop=\"thumbnail\" \/><\/a>\n\t\t\t<\/dt><\/dl><br style=\"clear: both\" \/><dl class='gallery-item'>\n\t\t\t<dt class='gallery-icon landscape'>\n\t\t\t\t<a href='https:\/\/www.mishiri.de\/wp-content\/uploads\/2010\/02\/10.jpg' itemprop=\"contentURL\" rel=\"lightbox[90]\"><img loading=\"lazy\" decoding=\"async\" width=\"150\" height=\"150\" src=\"https:\/\/www.mishiri.de\/wp-content\/uploads\/2010\/02\/10-150x150.jpg\" class=\"attachment-thumbnail size-thumbnail\" alt=\"T\u00e4n\u00e4\u00e4n. T\u00e4\u00e4ll\u00e4. Me: Paikka auringossa, Jenni Koistinen\" itemprop=\"thumbnail\" \/><\/a>\n\t\t\t<\/dt><\/dl><dl class='gallery-item'>\n\t\t\t<dt class='gallery-icon landscape'>\n\t\t\t\t<a href='https:\/\/www.mishiri.de\/wp-content\/uploads\/2010\/02\/5.jpg' itemprop=\"contentURL\" rel=\"lightbox[90]\"><img loading=\"lazy\" decoding=\"async\" width=\"150\" height=\"150\" src=\"https:\/\/www.mishiri.de\/wp-content\/uploads\/2010\/02\/5-150x150.jpg\" class=\"attachment-thumbnail size-thumbnail\" alt=\"T\u00e4n\u00e4\u00e4n. T\u00e4\u00e4ll\u00e4. Me: Paikka auringossa, Jenni Koistinen\" itemprop=\"thumbnail\" \/><\/a>\n\t\t\t<\/dt><\/dl><dl class='gallery-item'>\n\t\t\t<dt class='gallery-icon landscape'>\n\t\t\t\t<a href='https:\/\/www.mishiri.de\/wp-content\/uploads\/2010\/02\/12.jpg' itemprop=\"contentURL\" rel=\"lightbox[90]\"><img loading=\"lazy\" decoding=\"async\" width=\"150\" height=\"150\" src=\"https:\/\/www.mishiri.de\/wp-content\/uploads\/2010\/02\/12-150x150.jpg\" class=\"attachment-thumbnail size-thumbnail\" alt=\"T\u00e4n\u00e4\u00e4n. T\u00e4\u00e4ll\u00e4. Me: Paikka auringossa, Jenni Koistinen\" itemprop=\"thumbnail\" \/><\/a>\n\t\t\t<\/dt><\/dl><dl class='gallery-item'>\n\t\t\t<dt class='gallery-icon landscape'>\n\t\t\t\t<a href='https:\/\/www.mishiri.de\/wp-content\/uploads\/2010\/02\/11.jpg' itemprop=\"contentURL\" rel=\"lightbox[90]\"><img loading=\"lazy\" decoding=\"async\" width=\"150\" height=\"150\" src=\"https:\/\/www.mishiri.de\/wp-content\/uploads\/2010\/02\/11-150x150.jpg\" class=\"attachment-thumbnail size-thumbnail\" alt=\"T\u00e4n\u00e4\u00e4n. T\u00e4\u00e4ll\u00e4. Me: Paikka auringossa, Jenni Koistinen\" itemprop=\"thumbnail\" \/><\/a>\n\t\t\t<\/dt><\/dl><dl class='gallery-item'>\n\t\t\t<dt class='gallery-icon landscape'>\n\t\t\t\t<a href='https:\/\/www.mishiri.de\/wp-content\/uploads\/2010\/02\/3.jpg' itemprop=\"contentURL\" rel=\"lightbox[90]\"><img loading=\"lazy\" decoding=\"async\" width=\"150\" height=\"150\" src=\"https:\/\/www.mishiri.de\/wp-content\/uploads\/2010\/02\/3-150x150.jpg\" class=\"attachment-thumbnail size-thumbnail\" alt=\"T\u00e4n\u00e4\u00e4n. T\u00e4\u00e4ll\u00e4. Me: Paikka auringossa, Jenni Koistinen\" itemprop=\"thumbnail\" \/><\/a>\n\t\t\t<\/dt><\/dl><br style=\"clear: both\" \/><dl class='gallery-item'>\n\t\t\t<dt class='gallery-icon landscape'>\n\t\t\t\t<a href='https:\/\/www.mishiri.de\/wp-content\/uploads\/2010\/02\/6.jpg' itemprop=\"contentURL\" rel=\"lightbox[90]\"><img loading=\"lazy\" decoding=\"async\" width=\"150\" height=\"150\" src=\"https:\/\/www.mishiri.de\/wp-content\/uploads\/2010\/02\/6-150x150.jpg\" class=\"attachment-thumbnail size-thumbnail\" alt=\"T\u00e4n\u00e4\u00e4n. T\u00e4\u00e4ll\u00e4. Me: Paikka auringossa, Jenni Koistinen\" itemprop=\"thumbnail\" \/><\/a>\n\t\t\t<\/dt><\/dl><dl class='gallery-item'>\n\t\t\t<dt class='gallery-icon landscape'>\n\t\t\t\t<a href='https:\/\/www.mishiri.de\/wp-content\/uploads\/2010\/02\/2.jpg' itemprop=\"contentURL\" rel=\"lightbox[90]\"><img loading=\"lazy\" decoding=\"async\" width=\"150\" height=\"150\" src=\"https:\/\/www.mishiri.de\/wp-content\/uploads\/2010\/02\/2-150x150.jpg\" class=\"attachment-thumbnail size-thumbnail\" alt=\"T\u00e4n\u00e4\u00e4n. T\u00e4\u00e4ll\u00e4. Me: Paikka auringossa, Jenni Koistinen\" itemprop=\"thumbnail\" \/><\/a>\n\t\t\t<\/dt><\/dl>\n\t\t\t<br style='clear: both' \/>\n\t\t<\/div>\n\n<p><em>T\u00e4n\u00e4\u00e4n. T\u00e4\u00e4ll\u00e4. Me: Paikka auringossa (Today. Here. Us: Place in the sun)<\/em>, Choreografie von Jenni Koistinen, Helsinki 2008<\/p>\n","protected":false},"excerpt":{"rendered":"<p>T\u00e4n\u00e4\u00e4n. T\u00e4\u00e4ll\u00e4. Me: Paikka auringossa (Today. Here. Us: Place in the sun), Choreografie von Jenni Koistinen, Helsinki 2008<\/p>\n","protected":false},"author":2,"featured_media":0,"parent":7,"menu_order":0,"comment_status":"closed","ping_status":"closed","template":"","meta":{"footnotes":""},"class_list":["post-90","page","type-page","status-publish","hentry"],"_links":{"self":[{"href":"https:\/\/www.mishiri.de\/index.php?rest_route=\/wp\/v2\/pages\/90"}],"collection":[{"href":"https:\/\/www.mishiri.de\/index.php?rest_route=\/wp\/v2\/pages"}],"about":[{"href":"https:\/\/www.mishiri.de\/index.php?rest_route=\/wp\/v2\/types\/page"}],"author":[{"embeddable":true,"href":"https:\/\/www.mishiri.de\/index.php?rest_route=\/wp\/v2\/users\/2"}],"replies":[{"embeddable":true,"href":"https:\/\/www.mishiri.de\/index.php?rest_route=%2Fwp%2Fv2%2Fcomments&post=90"}],"version-history":[{"count":19,"href":"https:\/\/www.mishiri.de\/index.php?rest_route=\/wp\/v2\/pages\/90\/revisions"}],"predecessor-version":[{"id":745,"href":"https:\/\/www.mishiri.de\/index.php?rest_route=\/wp\/v2\/pages\/90\/revisions\/745"}],"up":[{"embeddable":true,"href":"https:\/\/www.mishiri.de\/index.php?rest_route=\/wp\/v2\/pages\/7"}],"wp:attachment":[{"href":"https:\/\/www.mishiri.de\/index.php?rest_route=%2Fwp%2Fv2%2Fmedia&parent=90"}],"curies":[{"name":"wp","href":"https:\/\/api.w.org\/{rel}","templated":true}]}}